{"id":2564,"date":"2023-01-02T11:57:25","date_gmt":"2023-01-02T10:57:25","guid":{"rendered":"https:\/\/swiss-aeration.ch\/our-air-cleaning-services-in-switzerland\/"},"modified":"2023-05-09T17:34:01","modified_gmt":"2023-05-09T15:34:01","slug":"services","status":"publish","type":"page","link":"https:\/\/swiss-aeration.ch\/en\/services\/","title":{"rendered":"Our Air Cleaning Services in Switzerland"},"content":{"rendered":"\n<div class=\"wp-block-uagb-container uagb-block-06afc94c alignfull uagb-is-root-container\"><div class=\"uagb-container-inner-blocks-wrap\"><\/div><\/div>\n\n\n\n<div class=\"wp-block-uagb-container uagb-block-1a28328b alignfull uagb-is-root-container\"><div class=\"uagb-container-inner-blocks-wrap\">\n<div class=\"wp-block-uagb-advanced-heading uagb-block-3b360742\"><h1 class=\"uagb-heading-text\">Professional Cleaning Services for Ventilation Systems<\/h1><\/div>\n\n\n\n<div style=\"height:100px\" aria-hidden=\"true\" class=\"wp-block-spacer\"><\/div>\n\n\n\n<div class=\"wp-block-uagb-advanced-heading uagb-block-c6fcd324\"><h4 class=\"uagb-heading-text\"><strong><em>Professional cleaning services for ventilation and air hygiene systems in French-speaking Switzerland. We work in the cantons of Geneva, Vaud, Valais, Fribourg, Neuch\u00e2tel and Jura.<\/em><\/strong><\/h4><\/div>\n<\/div><\/div>\n\n\n\n<div class=\"wp-block-uagb-container uagb-block-e17641d1 alignfull uagb-is-root-container\"><div class=\"uagb-container-inner-blocks-wrap\">\n<div class=\"wp-block-uagb-container uagb-block-62ecca80\">\n<div class=\"wp-block-uagb-container uagb-block-84c959ae alignfull uagb-is-root-container\"><div class=\"uagb-container-inner-blocks-wrap\">\n<div class=\"wp-block-uagb-container uagb-block-923c448d\">\n<div class=\"wp-block-uagb-image uagb-block-0a519d86 wp-block-uagb-image--layout-default wp-block-uagb-image--effect-static wp-block-uagb-image--align-none\"><figure class=\"wp-block-uagb-image__figure\"><img decoding=\"async\" srcset=\"https:\/\/swiss-aeration.ch\/wp-content\/uploads\/2023\/04\/nettoyage-1.jpg \" sizes=\"auto, (max-width: 480px) 150px\" src=\"https:\/\/swiss-aeration.ch\/wp-content\/uploads\/2023\/04\/nettoyage-1.jpg\" alt=\"Nettoyage a\u00e9raulique des Conduits de Ventilation\" class=\"uag-image-1771\" width=\"780\" height=\"585\" title=\"\" loading=\"lazy\"\/><\/figure><\/div>\n<\/div>\n\n\n\n<div class=\"wp-block-uagb-container uagb-block-144d4924\">\n<div class=\"wp-block-uagb-advanced-heading uagb-block-cc67ef4b\"><h3 class=\"uagb-heading-text\">Cleaning of Ventilation Ducts<\/h3><p class=\"uagb-desc-text\"><strong>We ensure the cleaning, maintenance and dust removal of ventilation installations, HVAC or VMC, with two methods, aspiration or diffusion.<\/strong><br><strong><br><\/strong>Due to the amount of dust in the ducts and in the exhaust unit, the efficiency decreases very quickly, which allows bacteria and germs to spread in a house, flat or business premises. Reduced efficiency of mechanical ventilation can also lead to moisture problems, such as mould in bathrooms, kitchens and all damp rooms.<\/p><\/div>\n\n\n\n<div class=\"wp-block-buttons is-layout-flex wp-block-buttons-is-layout-flex\">\n<div class=\"wp-block-button\"><a class=\"wp-block-button__link wp-element-button\" href=\"https:\/\/swiss-aeration.ch\/en\/cleaning-of-ventilation-ducts\/\">Read more<\/a><\/div>\n<\/div>\n<\/div>\n<\/div><\/div>\n\n\n\n<div class=\"wp-block-uagb-container uagb-block-ff8edded alignfull uagb-is-root-container\"><div class=\"uagb-container-inner-blocks-wrap\">\n<div class=\"wp-block-uagb-container uagb-block-14a87728\">\n<div class=\"wp-block-uagb-image uagb-block-09417838 wp-block-uagb-image--layout-default wp-block-uagb-image--effect-static wp-block-uagb-image--align-none\"><figure class=\"wp-block-uagb-image__figure\"><img decoding=\"async\" srcset=\"https:\/\/swiss-aeration.ch\/wp-content\/uploads\/2023\/04\/cuisine-pro.jpg \" sizes=\"auto, (max-width: 480px) 150px\" src=\"https:\/\/swiss-aeration.ch\/wp-content\/uploads\/2023\/04\/cuisine-pro.jpg\" alt=\"Nettoyage des syst\u00e8mes de ventilation de Cuisine Professionnelle\" class=\"uag-image-1773\" width=\"376\" height=\"282\" title=\"\" loading=\"lazy\"\/><\/figure><\/div>\n<\/div>\n\n\n\n<div class=\"wp-block-uagb-container uagb-block-32aa7334\">\n<div class=\"wp-block-uagb-advanced-heading uagb-block-a27515b1\"><h3 class=\"uagb-heading-text\">Degreasing of Professional Kitchen Hoods<\/h3><p class=\"uagb-desc-text\"><strong>Extraction systems and hoods in professional kitchens, such as restaurants and caf\u00e9s, must be thoroughly and regularly degreased and dusted.<\/strong><br><strong><br><\/strong>This is essential to ensure that these appliances function properly for many years. We provide complete cleaning and degreasing of professional kitchen hood ventilation systems. We are aware of the importance of your work tool, which has several specific points such as fans, motors, ducts and hoods that require the careful work of a qualified technician.<\/p><\/div>\n\n\n\n<div class=\"wp-block-buttons is-layout-flex wp-block-buttons-is-layout-flex\">\n<div class=\"wp-block-button\"><a class=\"wp-block-button__link wp-element-button\" href=\"https:\/\/swiss-aeration.ch\/en\/degreasing-of-professional-kitchen-hoods\/\">Read more<\/a><\/div>\n<\/div>\n<\/div>\n<\/div><\/div>\n\n\n\n<div class=\"wp-block-uagb-container uagb-block-acb2ef1b alignfull uagb-is-root-container\"><div class=\"uagb-container-inner-blocks-wrap\">\n<div class=\"wp-block-uagb-container uagb-block-d034569a\">\n<div class=\"wp-block-uagb-image uagb-block-1a962a66 wp-block-uagb-image--layout-default wp-block-uagb-image--effect-static wp-block-uagb-image--align-none\"><figure class=\"wp-block-uagb-image__figure\"><img decoding=\"async\" srcset=\"https:\/\/swiss-aeration.ch\/wp-content\/uploads\/2023\/04\/trappe-devisitee-1024x576.jpg \" sizes=\"auto, (max-width: 480px) 150px\" src=\"https:\/\/swiss-aeration.ch\/wp-content\/uploads\/2023\/04\/trappe-devisitee-1024x576.jpg\" alt=\"Installation de Trappes de Visite sur des gaines de ventilation\" class=\"uag-image-1772\" width=\"1024\" height=\"576\" title=\"\" loading=\"lazy\"\/><\/figure><\/div>\n<\/div>\n\n\n\n<div class=\"wp-block-uagb-container uagb-block-4e55fcc7\">\n<div class=\"wp-block-uagb-advanced-heading uagb-block-8674bc8f\"><h3 class=\"uagb-heading-text\">Installation of an inspection hatch on ventilation ducts<\/h3><p class=\"uagb-desc-text\"><strong>The maintenance of ventilation ducts requires access to the interior of these ducts and therefore the installation of inspection hatches.<\/strong><br><strong><br><\/strong>Each technician in the teams is therefore involved in the creation and installation of inspection hatches that allow access and easier maintenance of air networks.<\/p><\/div>\n\n\n\n<div class=\"wp-block-buttons is-layout-flex wp-block-buttons-is-layout-flex\">\n<div class=\"wp-block-button\"><a class=\"wp-block-button__link wp-element-button\" href=\"https:\/\/swiss-aeration.ch\/installation-trappe-de-visite-pour-ventilation\/\">Read more<\/a><\/div>\n<\/div>\n<\/div>\n<\/div><\/div>\n\n\n\n<div class=\"wp-block-uagb-container uagb-block-64d75656 alignfull uagb-is-root-container\"><div class=\"uagb-container-inner-blocks-wrap\">\n<div class=\"wp-block-uagb-container uagb-block-79616a56\">\n<div class=\"wp-block-uagb-image uagb-block-199af4fe wp-block-uagb-image--layout-default wp-block-uagb-image--effect-static wp-block-uagb-image--align-none\"><figure class=\"wp-block-uagb-image__figure\"><img decoding=\"async\" srcset=\"https:\/\/swiss-aeration.ch\/wp-content\/uploads\/2023\/04\/desinfection-1.jpg \" sizes=\"auto, (max-width: 480px) 150px\" src=\"https:\/\/swiss-aeration.ch\/wp-content\/uploads\/2023\/04\/desinfection-1.jpg\" alt=\"D\u00e9sinfection de l'Air et d\u00e9contamination de l'environnement par atmosph\u00e8re contr\u00f4l\u00e9e\" class=\"uag-image-1774\" width=\"780\" height=\"585\" title=\"\" loading=\"lazy\"\/><\/figure><\/div>\n<\/div>\n\n\n\n<div class=\"wp-block-uagb-container uagb-block-3abd54aa\">\n<div class=\"wp-block-uagb-advanced-heading uagb-block-01b7907e\"><h3 class=\"uagb-heading-text\">Air Disinfection<\/h3><p class=\"uagb-desc-text\"><strong>The decontamination of the environment by controlled atmosphere is an integral part of the life cycle of classified premises, such as offices, <strong>commercial premises<\/strong>, sports halls or even homes.<\/strong><br><br>Air disinfection in these types of buildings requires the intervention of qualified personnel trained in Swiss regulatory requirements and cleaning methods in clean rooms or classified laboratories.<\/p><\/div>\n\n\n\n<div class=\"wp-block-buttons is-layout-flex wp-block-buttons-is-layout-flex\">\n<div class=\"wp-block-button\"><a class=\"wp-block-button__link wp-element-button\" href=\"https:\/\/swiss-aeration.ch\/en\/air-and-surface-disinfection\/\">Read more<\/a><\/div>\n<\/div>\n<\/div>\n<\/div><\/div>\n\n\n\n<div class=\"wp-block-uagb-marketing-button uagb-marketing-btn__align-center uagb-marketing-btn__align-text-center uagb-marketing-btn__icon-after uagb-block-3d4c67a6 wp-block-button\"><a href=\"https:\/\/swiss-aeration.ch\/devis\/\" class=\"uagb-marketing-btn__link wp-block-button__link\" target=\"\" rel=\"noopener noreferrer\"><h5 class=\"uagb-marketing-btn__title\">Request a Detailed Quote<\/h5><svg xmlns=\"https:\/\/www.w3.org\/2000\/svg\" viewBox=\"0 0 512 512\"><path d=\"M384 320c-17.67 0-32 14.33-32 32v96H64V160h96c17.67 0 32-14.32 32-32s-14.33-32-32-32L64 96c-35.35 0-64 28.65-64 64V448c0 35.34 28.65 64 64 64h288c35.35 0 64-28.66 64-64v-96C416 334.3 401.7 320 384 320zM488 0H352c-12.94 0-24.62 7.797-29.56 19.75c-4.969 11.97-2.219 25.72 6.938 34.88L370.8 96L169.4 297.4c-12.5 12.5-12.5 32.75 0 45.25C175.6 348.9 183.8 352 192 352s16.38-3.125 22.62-9.375L416 141.3l41.38 41.38c9.156 9.141 22.88 11.84 34.88 6.938C504.2 184.6 512 172.9 512 160V24C512 10.74 501.3 0 488 0z\"><\/path><\/svg><\/a><\/div>\n<\/div>\n<\/div><\/div>\n","protected":false},"excerpt":{"rendered":"<p>Professional Cleaning Services for Ventilation Systems Professional cleaning services for ventilation and air hygiene systems in French-speaking Switzerland. We work in the cantons of Geneva, Vaud, Valais, Fribourg, Neuch\u00e2tel and Jura. Cleaning of Ventilation Ducts We ensure the cleaning, maintenance and dust removal of ventilation installations, HVAC or VMC, with two methods, aspiration or diffusion.Due [&hellip;]<\/p>\n","protected":false},"author":1,"featured_media":0,"parent":0,"menu_order":0,"comment_status":"closed","ping_status":"closed","template":"","meta":{"_uag_custom_page_level_css":"","site-sidebar-layout":"default","site-content-layout":"page-builder","ast-site-content-layout":"","site-content-style":"default","site-sidebar-style":"default","ast-global-header-display":"","ast-banner-title-visibility":"","ast-main-header-display":"","ast-hfb-above-header-display":"","ast-hfb-below-header-display":"","ast-hfb-mobile-header-display":"","site-post-title":"disabled","ast-breadcrumbs-content":"","ast-featured-img":"","footer-sml-layout":"","theme-transparent-header-meta":"","adv-header-id-meta":"","stick-header-meta":"","header-above-stick-meta":"","header-main-stick-meta":"","header-below-stick-meta":"","astra-migrate-meta-layouts":"default","ast-page-background-enabled":"default","ast-page-background-meta":{"desktop":{"background-color":"","background-image":"","background-repeat":"repeat","background-position":"center center","background-size":"auto","background-attachment":"scroll","background-type":"","background-media":"","overlay-type":"","overlay-color":"","overlay-opacity":"","overlay-gradient":""},"tablet":{"background-color":"","background-image":"","background-repeat":"repeat","background-position":"center center","background-size":"auto","background-attachment":"scroll","background-type":"","background-media":"","overlay-type":"","overlay-color":"","overlay-opacity":"","overlay-gradient":""},"mobile":{"background-color":"","background-image":"","background-repeat":"repeat","background-position":"center center","background-size":"auto","background-attachment":"scroll","background-type":"","background-media":"","overlay-type":"","overlay-color":"","overlay-opacity":"","overlay-gradient":""}},"ast-content-background-meta":{"desktop":{"background-color":"var(--ast-global-color-5)","background-image":"","background-repeat":"repeat","background-position":"center center","background-size":"auto","background-attachment":"scroll","background-type":"","background-media":"","overlay-type":"","overlay-color":"","overlay-opacity":"","overlay-gradient":""},"tablet":{"background-color":"var(--ast-global-color-5)","background-image":"","background-repeat":"repeat","background-position":"center center","background-size":"auto","background-attachment":"scroll","background-type":"","background-media":"","overlay-type":"","overlay-color":"","overlay-opacity":"","overlay-gradient":""},"mobile":{"background-color":"var(--ast-global-color-5)","background-image":"","background-repeat":"repeat","background-position":"center center","background-size":"auto","background-attachment":"scroll","background-type":"","background-media":"","overlay-type":"","overlay-color":"","overlay-opacity":"","overlay-gradient":""}},"footnotes":""},"class_list":["post-2564","page","type-page","status-publish","hentry"],"yoast_head":"<!-- This site is optimized with the Yoast SEO Premium plugin v20.6 (Yoast SEO v23.8) - https:\/\/yoast.com\/wordpress\/plugins\/seo\/ -->\n<title>Our Air Cleaning Services in Switzerland - Swiss A\u00e9ration<\/title>\n<meta name=\"description\" content=\"Swiss-Aeration offers specialized services of air cleaning or cleaning of ventilation systems in French-speaking Switzerland.\" \/>\n<meta name=\"robots\" content=\"index, follow, max-snippet:-1, max-image-preview:large, max-video-preview:-1\" \/>\n<link rel=\"canonical\" href=\"https:\/\/swiss-aeration.ch\/en\/services\/\" \/>\n<meta property=\"og:locale\" content=\"en_US\" \/>\n<meta property=\"og:type\" content=\"article\" \/>\n<meta property=\"og:title\" content=\"Our Air Cleaning Services in Switzerland\" \/>\n<meta property=\"og:description\" content=\"Swiss-Aeration offers specialized services of air cleaning or cleaning of ventilation systems in French-speaking Switzerland.\" \/>\n<meta property=\"og:url\" content=\"https:\/\/swiss-aeration.ch\/en\/services\/\" \/>\n<meta property=\"og:site_name\" content=\"Swiss A\u00e9ration\" \/>\n<meta property=\"article:publisher\" content=\"https:\/\/www.facebook.com\/swissaeration\/\" \/>\n<meta property=\"article:modified_time\" content=\"2023-05-09T15:34:01+00:00\" \/>\n<meta property=\"og:image\" content=\"https:\/\/swiss-aeration.ch\/wp-content\/uploads\/2023\/04\/nettoyage-1.jpg\" \/>\n<meta name=\"twitter:card\" content=\"summary_large_image\" \/>\n<meta name=\"twitter:label1\" content=\"Est. reading time\" \/>\n\t<meta name=\"twitter:data1\" content=\"3 minutes\" \/>\n<script type=\"application\/ld+json\" class=\"yoast-schema-graph\">{\"@context\":\"https:\/\/schema.org\",\"@graph\":[{\"@type\":\"WebPage\",\"@id\":\"https:\/\/swiss-aeration.ch\/en\/services\/\",\"url\":\"https:\/\/swiss-aeration.ch\/en\/services\/\",\"name\":\"Our Air Cleaning Services in Switzerland - Swiss A\u00e9ration\",\"isPartOf\":{\"@id\":\"https:\/\/swiss-aeration.ch\/en\/#website\"},\"primaryImageOfPage\":{\"@id\":\"https:\/\/swiss-aeration.ch\/en\/services\/#primaryimage\"},\"image\":{\"@id\":\"https:\/\/swiss-aeration.ch\/en\/services\/#primaryimage\"},\"thumbnailUrl\":\"https:\/\/swiss-aeration.ch\/wp-content\/uploads\/2023\/04\/nettoyage-1.jpg\",\"datePublished\":\"2023-01-02T10:57:25+00:00\",\"dateModified\":\"2023-05-09T15:34:01+00:00\",\"description\":\"Swiss-Aeration offers specialized services of air cleaning or cleaning of ventilation systems in French-speaking Switzerland.\",\"breadcrumb\":{\"@id\":\"https:\/\/swiss-aeration.ch\/en\/services\/#breadcrumb\"},\"inLanguage\":\"en-US\",\"potentialAction\":[{\"@type\":\"ReadAction\",\"target\":[\"https:\/\/swiss-aeration.ch\/en\/services\/\"]}]},{\"@type\":\"ImageObject\",\"inLanguage\":\"en-US\",\"@id\":\"https:\/\/swiss-aeration.ch\/en\/services\/#primaryimage\",\"url\":\"https:\/\/swiss-aeration.ch\/wp-content\/uploads\/2023\/04\/nettoyage-1.jpg\",\"contentUrl\":\"https:\/\/swiss-aeration.ch\/wp-content\/uploads\/2023\/04\/nettoyage-1.jpg\"},{\"@type\":\"BreadcrumbList\",\"@id\":\"https:\/\/swiss-aeration.ch\/en\/services\/#breadcrumb\",\"itemListElement\":[{\"@type\":\"ListItem\",\"position\":1,\"name\":\"Home\",\"item\":\"https:\/\/swiss-aeration.ch\/en\/\"},{\"@type\":\"ListItem\",\"position\":2,\"name\":\"Our Air Cleaning Services in Switzerland\"}]},{\"@type\":\"WebSite\",\"@id\":\"https:\/\/swiss-aeration.ch\/en\/#website\",\"url\":\"https:\/\/swiss-aeration.ch\/en\/\",\"name\":\"Swiss A\u00e9ration\",\"description\":\"Nettoyage des syst\u00e8mes de ventilation\",\"publisher\":{\"@id\":\"https:\/\/swiss-aeration.ch\/en\/#organization\"},\"potentialAction\":[{\"@type\":\"SearchAction\",\"target\":{\"@type\":\"EntryPoint\",\"urlTemplate\":\"https:\/\/swiss-aeration.ch\/en\/?s={search_term_string}\"},\"query-input\":{\"@type\":\"PropertyValueSpecification\",\"valueRequired\":true,\"valueName\":\"search_term_string\"}}],\"inLanguage\":\"en-US\"},{\"@type\":\"Organization\",\"@id\":\"https:\/\/swiss-aeration.ch\/en\/#organization\",\"name\":\"Swiss A\u00e9ration\",\"url\":\"https:\/\/swiss-aeration.ch\/en\/\",\"logo\":{\"@type\":\"ImageObject\",\"inLanguage\":\"en-US\",\"@id\":\"https:\/\/swiss-aeration.ch\/en\/#\/schema\/logo\/image\/\",\"url\":\"https:\/\/swiss-aeration.ch\/wp-content\/uploads\/2023\/04\/cropped-Logo-SA-header.png\",\"contentUrl\":\"https:\/\/swiss-aeration.ch\/wp-content\/uploads\/2023\/04\/cropped-Logo-SA-header.png\",\"width\":1000,\"height\":400,\"caption\":\"Swiss A\u00e9ration\"},\"image\":{\"@id\":\"https:\/\/swiss-aeration.ch\/en\/#\/schema\/logo\/image\/\"},\"sameAs\":[\"https:\/\/www.facebook.com\/swissaeration\/\",\"https:\/\/ch.linkedin.com\/company\/swiss-aeration\"]}]}<\/script>\n<!-- \/ Yoast SEO Premium plugin. -->","yoast_head_json":{"title":"Our Air Cleaning Services in Switzerland - Swiss A\u00e9ration","description":"Swiss-Aeration offers specialized services of air cleaning or cleaning of ventilation systems in French-speaking Switzerland.","robots":{"index":"index","follow":"follow","max-snippet":"max-snippet:-1","max-image-preview":"max-image-preview:large","max-video-preview":"max-video-preview:-1"},"canonical":"https:\/\/swiss-aeration.ch\/en\/services\/","og_locale":"en_US","og_type":"article","og_title":"Our Air Cleaning Services in Switzerland","og_description":"Swiss-Aeration offers specialized services of air cleaning or cleaning of ventilation systems in French-speaking Switzerland.","og_url":"https:\/\/swiss-aeration.ch\/en\/services\/","og_site_name":"Swiss A\u00e9ration","article_publisher":"https:\/\/www.facebook.com\/swissaeration\/","article_modified_time":"2023-05-09T15:34:01+00:00","og_image":[{"url":"https:\/\/swiss-aeration.ch\/wp-content\/uploads\/2023\/04\/nettoyage-1.jpg"}],"twitter_card":"summary_large_image","twitter_misc":{"Est. reading time":"3 minutes"},"schema":{"@context":"https:\/\/schema.org","@graph":[{"@type":"WebPage","@id":"https:\/\/swiss-aeration.ch\/en\/services\/","url":"https:\/\/swiss-aeration.ch\/en\/services\/","name":"Our Air Cleaning Services in Switzerland - Swiss A\u00e9ration","isPartOf":{"@id":"https:\/\/swiss-aeration.ch\/en\/#website"},"primaryImageOfPage":{"@id":"https:\/\/swiss-aeration.ch\/en\/services\/#primaryimage"},"image":{"@id":"https:\/\/swiss-aeration.ch\/en\/services\/#primaryimage"},"thumbnailUrl":"https:\/\/swiss-aeration.ch\/wp-content\/uploads\/2023\/04\/nettoyage-1.jpg","datePublished":"2023-01-02T10:57:25+00:00","dateModified":"2023-05-09T15:34:01+00:00","description":"Swiss-Aeration offers specialized services of air cleaning or cleaning of ventilation systems in French-speaking Switzerland.","breadcrumb":{"@id":"https:\/\/swiss-aeration.ch\/en\/services\/#breadcrumb"},"inLanguage":"en-US","potentialAction":[{"@type":"ReadAction","target":["https:\/\/swiss-aeration.ch\/en\/services\/"]}]},{"@type":"ImageObject","inLanguage":"en-US","@id":"https:\/\/swiss-aeration.ch\/en\/services\/#primaryimage","url":"https:\/\/swiss-aeration.ch\/wp-content\/uploads\/2023\/04\/nettoyage-1.jpg","contentUrl":"https:\/\/swiss-aeration.ch\/wp-content\/uploads\/2023\/04\/nettoyage-1.jpg"},{"@type":"BreadcrumbList","@id":"https:\/\/swiss-aeration.ch\/en\/services\/#breadcrumb","itemListElement":[{"@type":"ListItem","position":1,"name":"Home","item":"https:\/\/swiss-aeration.ch\/en\/"},{"@type":"ListItem","position":2,"name":"Our Air Cleaning Services in Switzerland"}]},{"@type":"WebSite","@id":"https:\/\/swiss-aeration.ch\/en\/#website","url":"https:\/\/swiss-aeration.ch\/en\/","name":"Swiss A\u00e9ration","description":"Nettoyage des syst\u00e8mes de ventilation","publisher":{"@id":"https:\/\/swiss-aeration.ch\/en\/#organization"},"potentialAction":[{"@type":"SearchAction","target":{"@type":"EntryPoint","urlTemplate":"https:\/\/swiss-aeration.ch\/en\/?s={search_term_string}"},"query-input":{"@type":"PropertyValueSpecification","valueRequired":true,"valueName":"search_term_string"}}],"inLanguage":"en-US"},{"@type":"Organization","@id":"https:\/\/swiss-aeration.ch\/en\/#organization","name":"Swiss A\u00e9ration","url":"https:\/\/swiss-aeration.ch\/en\/","logo":{"@type":"ImageObject","inLanguage":"en-US","@id":"https:\/\/swiss-aeration.ch\/en\/#\/schema\/logo\/image\/","url":"https:\/\/swiss-aeration.ch\/wp-content\/uploads\/2023\/04\/cropped-Logo-SA-header.png","contentUrl":"https:\/\/swiss-aeration.ch\/wp-content\/uploads\/2023\/04\/cropped-Logo-SA-header.png","width":1000,"height":400,"caption":"Swiss A\u00e9ration"},"image":{"@id":"https:\/\/swiss-aeration.ch\/en\/#\/schema\/logo\/image\/"},"sameAs":["https:\/\/www.facebook.com\/swissaeration\/","https:\/\/ch.linkedin.com\/company\/swiss-aeration"]}]}},"uagb_featured_image_src":{"full":false,"thumbnail":false,"medium":false,"medium_large":false,"large":false,"1536x1536":false,"2048x2048":false},"uagb_author_info":{"display_name":"AdminWOP","author_link":"https:\/\/swiss-aeration.ch\/en\/author\/adminwop\/"},"uagb_comment_info":0,"uagb_excerpt":"Professional Cleaning Services for Ventilation Systems Professional cleaning services for ventilation and air hygiene systems in French-speaking Switzerland. We work in the cantons of Geneva, Vaud, Valais, Fribourg, Neuch\u00e2tel and Jura. Cleaning of Ventilation Ducts We ensure the cleaning, maintenance and dust removal of ventilation installations, HVAC or VMC, with two methods, aspiration or diffusion.Due&hellip;","_links":{"self":[{"href":"https:\/\/swiss-aeration.ch\/en\/wp-json\/wp\/v2\/pages\/2564","targetHints":{"allow":["GET"]}}],"collection":[{"href":"https:\/\/swiss-aeration.ch\/en\/wp-json\/wp\/v2\/pages"}],"about":[{"href":"https:\/\/swiss-aeration.ch\/en\/wp-json\/wp\/v2\/types\/page"}],"author":[{"embeddable":true,"href":"https:\/\/swiss-aeration.ch\/en\/wp-json\/wp\/v2\/users\/1"}],"replies":[{"embeddable":true,"href":"https:\/\/swiss-aeration.ch\/en\/wp-json\/wp\/v2\/comments?post=2564"}],"version-history":[{"count":11,"href":"https:\/\/swiss-aeration.ch\/en\/wp-json\/wp\/v2\/pages\/2564\/revisions"}],"predecessor-version":[{"id":2663,"href":"https:\/\/swiss-aeration.ch\/en\/wp-json\/wp\/v2\/pages\/2564\/revisions\/2663"}],"wp:attachment":[{"href":"https:\/\/swiss-aeration.ch\/en\/wp-json\/wp\/v2\/media?parent=2564"}],"curies":[{"name":"wp","href":"https:\/\/api.w.org\/{rel}","templated":true}]}}